{"id":2,"date":"2014-09-02T10:07:38","date_gmt":"2014-09-02T10:07:38","guid":{"rendered":"http:\/\/cubic.phpnet.org\/cubic\/?page_id=2"},"modified":"2020-09-03T21:09:55","modified_gmt":"2020-09-03T20:09:55","slug":"page-d-exemple","status":"publish","type":"page","link":"https:\/\/cubic-lemon.net\/?page_id=2","title":{"rendered":"A Propos"},"content":{"rendered":"<p>Bienvenue sur le site officiel de <strong><span style=\"color: #ff6600;\">Cubic Lemon, <\/span><\/strong>il a ouvert ses portes le 31 mars 2014.<br \/>\nCe site, lui, le 2 septembre 2014.<\/p>\n<p>Cubic-Lemon est n\u00e9 d&rsquo;une seule passion, celle de cr\u00e9er.<\/p>\n<p>Studio de c<b>r\u00e9ation et\u00a0d\u00e9veloppement\u00a0<\/b>de jeux vid\u00e9o.<\/p>\n<p><img fetchpriority=\"high\" decoding=\"async\" class=\"aligncenter wp-image-206 size-full\" src=\"http:\/\/cubic-lemon.net\/wp-content\/uploads\/2014\/09\/atari520st.iso_.png\" width=\"417\" height=\"241\" srcset=\"https:\/\/cubic-lemon.net\/wp-content\/uploads\/2014\/09\/atari520st.iso_.png 417w, https:\/\/cubic-lemon.net\/wp-content\/uploads\/2014\/09\/atari520st.iso_-300x173.png 300w\" sizes=\"(max-width: 417px) 100vw, 417px\" \/><\/p>\n","protected":false},"excerpt":{"rendered":"<p>Bienvenue sur le site officiel de Cubic Lemon, il a ouvert ses portes le 31 mars 2014. Ce site, lui, le 2 septembre 2014. Cubic-Lemon est n\u00e9 d&rsquo;une seule passion, celle de cr\u00e9er. Studio de cr\u00e9ation et\u00a0d\u00e9veloppement\u00a0de jeux vid\u00e9o. <a class=\"continue-reading-link\" href=\"https:\/\/cubic-lemon.net\/?page_id=2\">go &gt;&gt;<\/a><\/p>\n","protected":false},"author":1,"featured_media":0,"parent":0,"menu_order":0,"comment_status":"open","ping_status":"open","template":"","meta":{"footnotes":""},"class_list":["post-2","page","type-page","status-publish","hentry"],"_links":{"self":[{"href":"https:\/\/cubic-lemon.net\/index.php?rest_route=\/wp\/v2\/pages\/2","targetHints":{"allow":["GET"]}}],"collection":[{"href":"https:\/\/cubic-lemon.net\/index.php?rest_route=\/wp\/v2\/pages"}],"about":[{"href":"https:\/\/cubic-lemon.net\/index.php?rest_route=\/wp\/v2\/types\/page"}],"author":[{"embeddable":true,"href":"https:\/\/cubic-lemon.net\/index.php?rest_route=\/wp\/v2\/users\/1"}],"replies":[{"embeddable":true,"href":"https:\/\/cubic-lemon.net\/index.php?rest_route=%2Fwp%2Fv2%2Fcomments&post=2"}],"version-history":[{"count":12,"href":"https:\/\/cubic-lemon.net\/index.php?rest_route=\/wp\/v2\/pages\/2\/revisions"}],"predecessor-version":[{"id":630,"href":"https:\/\/cubic-lemon.net\/index.php?rest_route=\/wp\/v2\/pages\/2\/revisions\/630"}],"wp:attachment":[{"href":"https:\/\/cubic-lemon.net\/index.php?rest_route=%2Fwp%2Fv2%2Fmedia&parent=2"}],"curies":[{"name":"wp","href":"https:\/\/api.w.org\/{rel}","templated":true}]}}